{"id":10,"date":"2025-03-20T22:49:13","date_gmt":"2025-03-20T21:49:13","guid":{"rendered":"https:\/\/lurino.pl\/?page_id=10"},"modified":"2025-07-14T20:50:21","modified_gmt":"2025-07-14T18:50:21","slug":"kontakt","status":"publish","type":"page","link":"https:\/\/lurino.pl\/?page_id=10","title":{"rendered":"Kontakt"},"content":{"rendered":"\n<p>Jeste\u015bmy tu, aby pom\u00f3c Ci w stworzeniu wyj\u0105tkowej oprawy dla najwa\u017cniejszych chwil w Twoim \u017cyciu. Je\u015bli masz pytania, chcesz dowiedzie\u0107 si\u0119 wi\u0119cej o naszych produktach lub potrzebujesz pomocy przy personalizacji, skontaktuj si\u0119 z nami. Z przyjemno\u015bci\u0105 Ci pomo\u017cemy!<\/p>\n\n\n\n<p><strong>Dane kontaktowe:<\/strong><\/p>\n\n\n\n<ul class=\"wp-block-list\">\n<li><strong>E-mail:<\/strong> <a>biuro@lurino.pl<\/a><\/li>\n\n\n\n<li><strong>Telefon:<\/strong> +48 723 227 447<\/li>\n\n\n\n<li><strong>Adres:<\/strong> ul. Sk\u0142adowa 11A, 38-400 Krosno<\/li>\n<\/ul>\n\n\n\n<p><strong>Godziny pracy:<\/strong><br>Poniedzia\u0142ek &#8211; Pi\u0105tek: 8:00 &#8211; 16:00<\/p>\n","protected":false},"excerpt":{"rendered":"<p>Jeste\u015bmy tu, aby pom\u00f3c Ci w stworzeniu wyj\u0105tkowej oprawy dla najwa\u017cniejszych chwil w Twoim \u017cyciu. Je\u015bli masz pytania, chcesz dowiedzie\u0107 si\u0119 wi\u0119cej o naszych produktach lub potrzebujesz pomocy przy personalizacji, skontaktuj si\u0119 z nami. Z przyjemno\u015bci\u0105 Ci pomo\u017cemy! Dane kontaktowe: Godziny pracy:Poniedzia\u0142ek &#8211; Pi\u0105tek: 8:00 &#8211; 16:00<\/p>\n","protected":false},"author":1,"featured_media":0,"parent":0,"menu_order":0,"comment_status":"closed","ping_status":"closed","template":"","meta":{"_kad_post_transparent":"","_kad_post_title":"","_kad_post_layout":"","_kad_post_sidebar_id":"","_kad_post_content_style":"","_kad_post_vertical_padding":"","_kad_post_feature":"","_kad_post_feature_position":"","_kad_post_header":false,"_kad_post_footer":false,"footnotes":""},"class_list":["post-10","page","type-page","status-publish","hentry"],"_links":{"self":[{"href":"https:\/\/lurino.pl\/index.php?rest_route=\/wp\/v2\/pages\/10","targetHints":{"allow":["GET"]}}],"collection":[{"href":"https:\/\/lurino.pl\/index.php?rest_route=\/wp\/v2\/pages"}],"about":[{"href":"https:\/\/lurino.pl\/index.php?rest_route=\/wp\/v2\/types\/page"}],"author":[{"embeddable":true,"href":"https:\/\/lurino.pl\/index.php?rest_route=\/wp\/v2\/users\/1"}],"replies":[{"embeddable":true,"href":"https:\/\/lurino.pl\/index.php?rest_route=%2Fwp%2Fv2%2Fcomments&post=10"}],"version-history":[{"count":4,"href":"https:\/\/lurino.pl\/index.php?rest_route=\/wp\/v2\/pages\/10\/revisions"}],"predecessor-version":[{"id":202,"href":"https:\/\/lurino.pl\/index.php?rest_route=\/wp\/v2\/pages\/10\/revisions\/202"}],"wp:attachment":[{"href":"https:\/\/lurino.pl\/index.php?rest_route=%2Fwp%2Fv2%2Fmedia&parent=10"}],"curies":[{"name":"wp","href":"https:\/\/api.w.org\/{rel}","templated":true}]}}