{"id":19,"date":"2025-03-20T22:55:04","date_gmt":"2025-03-20T21:55:04","guid":{"rendered":"https:\/\/lurino.pl\/?page_id=19"},"modified":"2025-03-20T22:55:04","modified_gmt":"2025-03-20T21:55:04","slug":"o-nas","status":"publish","type":"page","link":"https:\/\/lurino.pl\/?page_id=19","title":{"rendered":"O nas"},"content":{"rendered":"\n<p>Lurino to marka, kt\u00f3ra powsta\u0142a z pasji do sztuki, pi\u0119kna i wyj\u0105tkowych chwil. Jeste\u015bmy zespo\u0142em kreatywnych pasjonat\u00f3w, kt\u00f3rzy wierz\u0105, \u017ce ka\u017cda wa\u017cna okazja zas\u0142uguje na niezapomnian\u0105 opraw\u0119. Z tego powodu oferujemy luksusowe obrazy oraz personalizowane pami\u0105tki okoliczno\u015bciowe, kt\u00f3re b\u0119d\u0105 towarzyszy\u0107 Ci przez ca\u0142e \u017cycie.<\/p>\n\n\n\n<p>Nasza filozofia to \u0142\u0105czenie elegancji, jako\u015bci i indywidualnego podej\u015bcia do ka\u017cdego klienta. Ka\u017cdy produkt, kt\u00f3ry wychodzi spod naszych r\u0105k, jest wynikiem starannego projektu, precyzyjnej pracy i mi\u0142o\u015bci do detali. W Lurino nie tylko sprzedajemy obrazy i pami\u0105tki \u2013 tworzymy dzie\u0142a, kt\u00f3re stanowi\u0105 \u015bwiadectwo wa\u017cnych moment\u00f3w w Twoim \u017cyciu.<\/p>\n\n\n\n<p><strong>Nasza misja<\/strong><br>Nasz\u0105 misj\u0105 jest dostarczanie produkt\u00f3w, kt\u00f3re b\u0119d\u0105 nie tylko ozdob\u0105, ale tak\u017ce symbolem najpi\u0119kniejszych chwil. Wierzymy, \u017ce sztuka ma moc uwieczniania emocji, dlatego ka\u017cda pami\u0105tka, kt\u00f3r\u0105 oferujemy, jest zaprojektowana z my\u015bl\u0105 o stworzeniu wyj\u0105tkowego do\u015bwiadczenia.<\/p>\n\n\n\n<p><strong>Dlaczego Lurino?<\/strong><\/p>\n\n\n\n<ul class=\"wp-block-list\">\n<li><strong>Luksus<\/strong> \u2013 wybieramy tylko najwy\u017cszej jako\u015bci materia\u0142y, aby nasze produkty by\u0142y eleganckie i trwa\u0142e.<\/li>\n\n\n\n<li><strong>Personalizacja<\/strong> \u2013 dostosowujemy nasze pami\u0105tki do Twoich indywidualnych potrzeb i oczekiwa\u0144.<\/li>\n\n\n\n<li><strong>Pasja<\/strong> \u2013 ka\u017cdy projekt to nasza pasja, kt\u00f3r\u0105 wk\u0142adamy w tworzenie dzie\u0142 sztuki na Twoje wyj\u0105tkowe okazje.<\/li>\n<\/ul>\n\n\n\n<p>Z Lurino ka\u017cdy wa\u017cny moment staje si\u0119 niezapomnian\u0105 opowie\u015bci\u0105.<\/p>\n","protected":false},"excerpt":{"rendered":"<p>Lurino to marka, kt\u00f3ra powsta\u0142a z pasji do sztuki, pi\u0119kna i wyj\u0105tkowych chwil. Jeste\u015bmy zespo\u0142em kreatywnych pasjonat\u00f3w, kt\u00f3rzy wierz\u0105, \u017ce ka\u017cda wa\u017cna okazja zas\u0142uguje na niezapomnian\u0105 opraw\u0119. Z tego powodu oferujemy luksusowe obrazy oraz personalizowane pami\u0105tki okoliczno\u015bciowe, kt\u00f3re b\u0119d\u0105 towarzyszy\u0107 Ci przez ca\u0142e \u017cycie. Nasza filozofia to \u0142\u0105czenie elegancji, jako\u015bci i indywidualnego podej\u015bcia do ka\u017cdego&#8230;<\/p>\n","protected":false},"author":1,"featured_media":0,"parent":0,"menu_order":0,"comment_status":"closed","ping_status":"closed","template":"","meta":{"_kad_post_transparent":"","_kad_post_title":"","_kad_post_layout":"","_kad_post_sidebar_id":"","_kad_post_content_style":"","_kad_post_vertical_padding":"","_kad_post_feature":"","_kad_post_feature_position":"","_kad_post_header":false,"_kad_post_footer":false,"footnotes":""},"class_list":["post-19","page","type-page","status-publish","hentry"],"_links":{"self":[{"href":"https:\/\/lurino.pl\/index.php?rest_route=\/wp\/v2\/pages\/19","targetHints":{"allow":["GET"]}}],"collection":[{"href":"https:\/\/lurino.pl\/index.php?rest_route=\/wp\/v2\/pages"}],"about":[{"href":"https:\/\/lurino.pl\/index.php?rest_route=\/wp\/v2\/types\/page"}],"author":[{"embeddable":true,"href":"https:\/\/lurino.pl\/index.php?rest_route=\/wp\/v2\/users\/1"}],"replies":[{"embeddable":true,"href":"https:\/\/lurino.pl\/index.php?rest_route=%2Fwp%2Fv2%2Fcomments&post=19"}],"version-history":[{"count":1,"href":"https:\/\/lurino.pl\/index.php?rest_route=\/wp\/v2\/pages\/19\/revisions"}],"predecessor-version":[{"id":20,"href":"https:\/\/lurino.pl\/index.php?rest_route=\/wp\/v2\/pages\/19\/revisions\/20"}],"wp:attachment":[{"href":"https:\/\/lurino.pl\/index.php?rest_route=%2Fwp%2Fv2%2Fmedia&parent=19"}],"curies":[{"name":"wp","href":"https:\/\/api.w.org\/{rel}","templated":true}]}}