{"id":2,"date":"2025-03-20T22:09:53","date_gmt":"2025-03-20T21:09:53","guid":{"rendered":"https:\/\/lurino.pl\/?page_id=2"},"modified":"2025-03-20T22:52:27","modified_gmt":"2025-03-20T21:52:27","slug":"przykladowa-strona","status":"publish","type":"page","link":"https:\/\/lurino.pl\/","title":{"rendered":"Tworzymy wyj\u0105tkowe wspomnienia"},"content":{"rendered":"\n<p>Lurino to marka, kt\u00f3ra \u0142\u0105czy pasj\u0119 do sztuki z wyj\u0105tkowymi momentami \u017cycia. Specjalizujemy si\u0119 w sprzeda\u017cy luksusowych obraz\u00f3w oraz pami\u0105tek okoliczno\u015bciowych, kt\u00f3re b\u0119d\u0105 towarzyszy\u0107 Ci przez ca\u0142e \u017cycie. Chrzest, \u015blub, komunia \u2013 ka\u017cda z tych chwil zas\u0142uguje na niezapomnian\u0105 opraw\u0119.<\/p>\n\n\n\n<p>Nasze produkty to nie tylko dekoracje, to wyj\u0105tkowe dzie\u0142a sztuki, kt\u00f3re wnios\u0105 elegancj\u0119 i niepowtarzalny klimat do Twojego \u017cycia. Ka\u017cdy obraz, ka\u017cda pami\u0105tka jest starannie zaprojektowana i wykonana z najwy\u017csz\u0105 dba\u0142o\u015bci\u0105 o detal. To wi\u0119cej ni\u017c tylko upominki \u2013 to inwestycja w pi\u0119kno, kt\u00f3re pozostaje z Tob\u0105 na zawsze.<\/p>\n\n\n\n<p><strong>Oferujemy:<\/strong><\/p>\n\n\n\n<ul class=\"wp-block-list\">\n<li>Luksusowe obrazy<\/li>\n\n\n\n<li>Personalizowane pami\u0105tki okoliczno\u015bciowe<\/li>\n\n\n\n<li>Ekskluzywne zestawy na chrzest, \u015blub i komuni\u0119<\/li>\n<\/ul>\n\n\n\n<p>W Lurino wierzymy, \u017ce ka\u017cda wa\u017cna chwila zas\u0142uguje na opraw\u0119, kt\u00f3ra wytrwa pr\u00f3b\u0119 czasu. Pozw\u00f3l, by nasze dzie\u0142a sta\u0142y si\u0119 cz\u0119\u015bci\u0105 Twoich najpi\u0119kniejszych wspomnie\u0144.<\/p>\n","protected":false},"excerpt":{"rendered":"<p>Lurino to marka, kt\u00f3ra \u0142\u0105czy pasj\u0119 do sztuki z wyj\u0105tkowymi momentami \u017cycia. Specjalizujemy si\u0119 w sprzeda\u017cy luksusowych obraz\u00f3w oraz pami\u0105tek okoliczno\u015bciowych, kt\u00f3re b\u0119d\u0105 towarzyszy\u0107 Ci przez ca\u0142e \u017cycie. Chrzest, \u015blub, komunia \u2013 ka\u017cda z tych chwil zas\u0142uguje na niezapomnian\u0105 opraw\u0119. Nasze produkty to nie tylko dekoracje, to wyj\u0105tkowe dzie\u0142a sztuki, kt\u00f3re wnios\u0105 elegancj\u0119 i niepowtarzalny&#8230;<\/p>\n","protected":false},"author":1,"featured_media":0,"parent":0,"menu_order":0,"comment_status":"closed","ping_status":"open","template":"","meta":{"_kad_post_transparent":"","_kad_post_title":"","_kad_post_layout":"","_kad_post_sidebar_id":"","_kad_post_content_style":"","_kad_post_vertical_padding":"","_kad_post_feature":"","_kad_post_feature_position":"","_kad_post_header":false,"_kad_post_footer":false,"footnotes":""},"class_list":["post-2","page","type-page","status-publish","hentry"],"_links":{"self":[{"href":"https:\/\/lurino.pl\/index.php?rest_route=\/wp\/v2\/pages\/2","targetHints":{"allow":["GET"]}}],"collection":[{"href":"https:\/\/lurino.pl\/index.php?rest_route=\/wp\/v2\/pages"}],"about":[{"href":"https:\/\/lurino.pl\/index.php?rest_route=\/wp\/v2\/types\/page"}],"author":[{"embeddable":true,"href":"https:\/\/lurino.pl\/index.php?rest_route=\/wp\/v2\/users\/1"}],"replies":[{"embeddable":true,"href":"https:\/\/lurino.pl\/index.php?rest_route=%2Fwp%2Fv2%2Fcomments&post=2"}],"version-history":[{"count":2,"href":"https:\/\/lurino.pl\/index.php?rest_route=\/wp\/v2\/pages\/2\/revisions"}],"predecessor-version":[{"id":18,"href":"https:\/\/lurino.pl\/index.php?rest_route=\/wp\/v2\/pages\/2\/revisions\/18"}],"wp:attachment":[{"href":"https:\/\/lurino.pl\/index.php?rest_route=%2Fwp%2Fv2%2Fmedia&parent=2"}],"curies":[{"name":"wp","href":"https:\/\/api.w.org\/{rel}","templated":true}]}}